{"id":3312,"date":"2025-07-15T16:58:53","date_gmt":"2025-07-15T14:58:53","guid":{"rendered":"http:\/\/carballeda.com\/mozarabesanabres\/?page_id=3312"},"modified":"2025-07-17T17:43:11","modified_gmt":"2025-07-17T15:43:11","slug":"rionegro-del-puente","status":"publish","type":"page","link":"http:\/\/carballeda.com\/mozarabesanabres\/rionegro-del-puente\/","title":{"rendered":"RIONEGRO DEL PUENTE."},"content":{"rendered":"\n<p><strong>Historia <\/strong>&nbsp;<strong><\/strong><\/p>\n\n\n\n<p>Desde hace muchos siglos Rionegro del Puente ha sido un enclave de caminos y comunicaciones, de este a oeste y de norte a sur. Hay indicios de la presencia en la zona de los celtas, los romanos, \u00e1rabes y otros pueblos que han marcado la historia de Espa\u00f1a. Pero sin duda el hecho hist\u00f3rico- religioso m\u00e1s relevante en la historia de esta villa ha sido el nacimiento de la Cofrad\u00eda de los Falifos que tiene como patrona a la Virgen de Carballeda. El Camino de Santiago, fue una de las prioridades de esta Cofrad\u00eda, as\u00ed como la creaci\u00f3n del primer hospital de peregrinos en la villa. &nbsp;Otro hecho hist\u00f3rico de gran trascendencia ha sido el nacimiento en la villa de Diego de Losada, fundador de la ciudad de Caracas y del puerto de Caraballeda, tambi\u00e9n en Venezuela.<\/p>\n\n\n\n<p>La Cofrad\u00eda de los Falifos lleg\u00f3 a tener un inmenso patrimonio al servicio de los peregrinos, de los ancianos, de los necesitados y de los ni\u00f1os exp\u00f3sitos, que eran depositados en dos cunas de piedra que se encuentran en el p\u00f3rtico del Santuario. La Desamortizaci\u00f3n de Mendiz\u00e1bal, acab\u00f3 con el gran patrimonio, quedando \u00fanicamente el hospital de peregrinos que es el actual albergue, el Santuario de la Carballeda y la Casa de la Virgen. &nbsp;<\/p>\n\n\n\n<p>EDIFICIOS DE INTERES<\/p>\n\n\n\n<p><strong>El Santuario de La Carballeda:<\/strong><\/p>\n\n\n\n<p>Fue construido en honor de la Virgen del mismo nombre, patrona de la comarca. Data posiblemente del siglo XII, aunque con varias modificaciones posteriores. Es uno de los templos m\u00e1s representativos de la provincia de Zamora, porque resume su historia con un compendio de todos los estilos arquitect\u00f3nicos. Del primitivo templo que puede verse en la sacrist\u00eda antigua, con estilo pre rom\u00e1nico y las marcas de los canteros. La puerta principal y las dos puertas laterales son de estilo rom\u00e1nico. Una de ellas junto a la carretera est\u00e1 cerrada y albergue una imagen de la Virgen. La nave central, de estilo g\u00f3tico, as\u00ed como la crucer\u00eda del presbiterio. El estilo herreriano se manifiesta en la caracter\u00edstica torre escurialense del siglo XVII. Del final del barroco es la preciosa c\u00fapula, restaurada en 2023 \/2024. El Santuario se ha empliado a lo largo de los siglos, al menos en cuatro ocasiones.<\/p>\n\n\n\n<p>En el interior, el retablo, posee escenas muy bellas de pasajes relacionados con la vida de Jes\u00fas. Hay tambi\u00e9n numerosas im\u00e1genes, as\u00ed como la c\u00fapula barroca decorada en su interior, con los cuatro Evangelistas, las cuatro virtudes y otros elementos, as\u00ed como una decoraci\u00f3n con precisi\u00f3n geom\u00e9trica.<\/p>\n\n\n\n<figure class=\"wp-block-image size-full\"><img loading=\"lazy\" decoding=\"async\" width=\"424\" height=\"565\" src=\"http:\/\/carballeda.com\/mozarabesanabres\/wp-content\/uploads\/2025\/07\/image-7.jpeg\" alt=\"\" class=\"wp-image-3314\" srcset=\"http:\/\/carballeda.com\/mozarabesanabres\/wp-content\/uploads\/2025\/07\/image-7.jpeg 424w, http:\/\/carballeda.com\/mozarabesanabres\/wp-content\/uploads\/2025\/07\/image-7-225x300.jpeg 225w\" sizes=\"auto, (max-width: 424px) 100vw, 424px\" \/><\/figure>\n\n\n\n<p>T\u00famulo Funerario (Siglo XVII), restaurado en 2024<\/p>\n\n\n\n<p>Una pieza de gran valor es el T\u00famulo, popularmente llamado \u201cTumbo\u201d, que es una pieza de madera consistente en varios cubos superpuestos de mayor a menor con escenas impresionantes del infierno, del purgatorio y del cielo.<\/p>\n\n\n\n<p>VISITAS GUIADAS.-&nbsp; Hay visitas guiadas al Santuario de la Carballeda todo el a\u00f1o. Durante julio, agosto y septiembre est\u00e1 abierto con gu\u00eda por las ma\u00f1anas de 12 a 14 horas y por la tarde de 6 a 8. El resto del a\u00f1o tambi\u00e9n hay visitas guiadas, pero hay que reservar previamente, (uno o dos d\u00edas antes) al siguiente correo: <a href=\"mailto:mozarabesanabres@gmail.com\">mozarabesanabres@gmail.com<\/a><\/p>\n\n\n\n<figure class=\"wp-block-image size-full\"><img loading=\"lazy\" decoding=\"async\" width=\"305\" height=\"543\" src=\"http:\/\/carballeda.com\/mozarabesanabres\/wp-content\/uploads\/2025\/07\/image-6.jpeg\" alt=\"\" class=\"wp-image-3313\" srcset=\"http:\/\/carballeda.com\/mozarabesanabres\/wp-content\/uploads\/2025\/07\/image-6.jpeg 305w, http:\/\/carballeda.com\/mozarabesanabres\/wp-content\/uploads\/2025\/07\/image-6-169x300.jpeg 169w\" sizes=\"auto, (max-width: 305px) 100vw, 305px\" \/><\/figure>\n\n\n\n<p>Virgen de la Carballeda, Patrona de la Comarca<\/p>\n\n\n\n<p>A continuaci\u00f3n tres PDF sobre el Santuario, la b\u00f3veda y&nbsp; el t\u00famulo.<\/p>\n\n\n\n<p><a href=\"http:\/\/carballeda.com\/mozarabesanabres\/wp-content\/uploads\/2025\/07\/TRIPTICO-SANTUARIO.pdf\" data-type=\"attachment\" data-id=\"3428\">SANTUARIO<\/a><\/p>\n\n\n\n<p><a href=\"http:\/\/carballeda.com\/mozarabesanabres\/wp-content\/uploads\/2025\/07\/triptico-boveda_compressed.pdf\" data-type=\"attachment\" data-id=\"3431\">LA BOVEDA<\/a><\/p>\n\n\n\n<p><a href=\"http:\/\/carballeda.com\/mozarabesanabres\/wp-content\/uploads\/2025\/07\/Triptico-Tumulo.pdf\" data-type=\"attachment\" data-id=\"3430\">EL TUMULO<\/a><\/p>\n\n\n\n<p><strong>PALACIO DE LOSADA.-<\/strong><\/p>\n\n\n\n<p>El Palacio de Losada, es la casa natal de Diego de Losada, el fundador de Caracas, edificio restaurado en 1992. All\u00ed se encuentra la Biblioteca Hispanoamericana Sim\u00f3n Bol\u00edvar, una gran biblioteca integrada en la Red de Bibliotecas de Castilla y Le\u00f3n, con un importante fondo de libros sobre Hispanoam\u00e9rica. En este Palacio se encuentra tambi\u00e9n el Museo Hispanoamericano de Pintura, con m\u00e1s de 60 obras de artistas espa\u00f1oles y americanos, as\u00ed como el Museo Etnol\u00f3gico.<\/p>\n\n\n\n<figure class=\"wp-block-image size-full\"><img loading=\"lazy\" decoding=\"async\" width=\"617\" height=\"462\" src=\"http:\/\/carballeda.com\/mozarabesanabres\/wp-content\/uploads\/2025\/07\/image-8.jpeg\" alt=\"\" class=\"wp-image-3315\" srcset=\"http:\/\/carballeda.com\/mozarabesanabres\/wp-content\/uploads\/2025\/07\/image-8.jpeg 617w, http:\/\/carballeda.com\/mozarabesanabres\/wp-content\/uploads\/2025\/07\/image-8-300x225.jpeg 300w\" sizes=\"auto, (max-width: 617px) 100vw, 617px\" \/><\/figure>\n\n\n\n<p>PALACIO DE LOSADA. Entrega anual de los Premios Hispanoamericanos Diego de Losada<\/p>\n\n\n\n<p><strong>El Albergue de Peregrinos&nbsp; Virgen de la Carballeda<\/strong>, se asienta sobre el antiguo Hospital de Peregrinos. Es un edificio restaurado en 2006.<\/p>\n\n\n\n<figure class=\"wp-block-image size-full\"><img loading=\"lazy\" decoding=\"async\" width=\"650\" height=\"487\" src=\"http:\/\/carballeda.com\/mozarabesanabres\/wp-content\/uploads\/2025\/07\/image-9.jpeg\" alt=\"\" class=\"wp-image-3316\" srcset=\"http:\/\/carballeda.com\/mozarabesanabres\/wp-content\/uploads\/2025\/07\/image-9.jpeg 650w, http:\/\/carballeda.com\/mozarabesanabres\/wp-content\/uploads\/2025\/07\/image-9-300x225.jpeg 300w\" sizes=\"auto, (max-width: 650px) 100vw, 650px\" \/><\/figure>\n\n\n\n<p>ALBERGUE DE PEREGRINOS \u201cVIRGEN DE LA CARBALLEDA\u201d<\/p>\n\n\n\n<p>De la <strong>antigua parroquia de Santiago Ap\u00f3stol<\/strong>, \u00fanicamente queda la bella espada\u00f1a. Tras un incendio a comienzos del siglo XX, las&nbsp; im\u00e1genes se trasladaron al Santuario, siendo la de Santiago&nbsp; Ap\u00f3stol, patr\u00f3n de la villa, la m\u00e1s destacada.<\/p>\n","protected":false},"excerpt":{"rendered":"<p>Historia &nbsp; Desde hace muchos siglos Rionegro del Puente ha sido un enclave de caminos y comunicaciones, de este a oeste y de norte a sur. Hay indicios de la presencia en la zona de los celtas, los romanos, \u00e1rabes y otros pueblos que han marcado la historia de Espa\u00f1a. Pero sin duda el hecho [&hellip;]<\/p>\n","protected":false},"author":1,"featured_media":0,"parent":0,"menu_order":0,"comment_status":"closed","ping_status":"closed","template":"","meta":{"footnotes":""},"class_list":["post-3312","page","type-page","status-publish","hentry"],"blocksy_meta":[],"_links":{"self":[{"href":"http:\/\/carballeda.com\/mozarabesanabres\/wp-json\/wp\/v2\/pages\/3312","targetHints":{"allow":["GET"]}}],"collection":[{"href":"http:\/\/carballeda.com\/mozarabesanabres\/wp-json\/wp\/v2\/pages"}],"about":[{"href":"http:\/\/carballeda.com\/mozarabesanabres\/wp-json\/wp\/v2\/types\/page"}],"author":[{"embeddable":true,"href":"http:\/\/carballeda.com\/mozarabesanabres\/wp-json\/wp\/v2\/users\/1"}],"replies":[{"embeddable":true,"href":"http:\/\/carballeda.com\/mozarabesanabres\/wp-json\/wp\/v2\/comments?post=3312"}],"version-history":[{"count":3,"href":"http:\/\/carballeda.com\/mozarabesanabres\/wp-json\/wp\/v2\/pages\/3312\/revisions"}],"predecessor-version":[{"id":3432,"href":"http:\/\/carballeda.com\/mozarabesanabres\/wp-json\/wp\/v2\/pages\/3312\/revisions\/3432"}],"wp:attachment":[{"href":"http:\/\/carballeda.com\/mozarabesanabres\/wp-json\/wp\/v2\/media?parent=3312"}],"curies":[{"name":"wp","href":"https:\/\/api.w.org\/{rel}","templated":true}]}}