{"id":3310,"date":"2025-07-15T16:58:17","date_gmt":"2025-07-15T14:58:17","guid":{"rendered":"http:\/\/carballeda.com\/mozarabesanabres\/?page_id=3310"},"modified":"2025-07-17T17:31:29","modified_gmt":"2025-07-17T15:31:29","slug":"albergues-del-camino-mozarabe","status":"publish","type":"page","link":"http:\/\/carballeda.com\/mozarabesanabres\/albergues-del-camino-mozarabe\/","title":{"rendered":"ALBERGUES DEL CAMINO MOZARABE"},"content":{"rendered":"\n<p><em><u>El camino moz\u00e1rabe sanabr\u00e9s tiene albergues de acogida tradicional, albergues municipales y tambi\u00e9n hay una amplia oferta de hoteles, hostales y casas rurales:<\/u><\/em><\/p>\n\n\n\n<p><strong>ALBERGUE DE PEREGRINOS VIRGEN DE LA CARBALLEDA. Rionegro del Puente. Zamora.<\/strong><\/p>\n\n\n\n<figure class=\"wp-block-image size-large\"><img loading=\"lazy\" decoding=\"async\" width=\"768\" height=\"1024\" src=\"http:\/\/carballeda.com\/mozarabesanabres\/wp-content\/uploads\/2025\/07\/IMG_4320-768x1024.jpg\" alt=\"\" class=\"wp-image-3422\" srcset=\"http:\/\/carballeda.com\/mozarabesanabres\/wp-content\/uploads\/2025\/07\/IMG_4320-768x1024.jpg 768w, http:\/\/carballeda.com\/mozarabesanabres\/wp-content\/uploads\/2025\/07\/IMG_4320-225x300.jpg 225w, http:\/\/carballeda.com\/mozarabesanabres\/wp-content\/uploads\/2025\/07\/IMG_4320-1152x1536.jpg 1152w, http:\/\/carballeda.com\/mozarabesanabres\/wp-content\/uploads\/2025\/07\/IMG_4320-1536x2048.jpg 1536w, http:\/\/carballeda.com\/mozarabesanabres\/wp-content\/uploads\/2025\/07\/IMG_4320.jpg 1800w\" sizes=\"auto, (max-width: 768px) 100vw, 768px\" \/><\/figure>\n\n\n\n<figure class=\"wp-block-image size-large\"><img loading=\"lazy\" decoding=\"async\" width=\"1024\" height=\"768\" src=\"http:\/\/carballeda.com\/mozarabesanabres\/wp-content\/uploads\/2025\/07\/IMG_2034-1024x768.jpg\" alt=\"\" class=\"wp-image-3421\" srcset=\"http:\/\/carballeda.com\/mozarabesanabres\/wp-content\/uploads\/2025\/07\/IMG_2034-1024x768.jpg 1024w, http:\/\/carballeda.com\/mozarabesanabres\/wp-content\/uploads\/2025\/07\/IMG_2034-300x225.jpg 300w, http:\/\/carballeda.com\/mozarabesanabres\/wp-content\/uploads\/2025\/07\/IMG_2034-768x576.jpg 768w, http:\/\/carballeda.com\/mozarabesanabres\/wp-content\/uploads\/2025\/07\/IMG_2034-1536x1152.jpg 1536w, http:\/\/carballeda.com\/mozarabesanabres\/wp-content\/uploads\/2025\/07\/IMG_2034.jpg 1800w\" sizes=\"auto, (max-width: 1024px) 100vw, 1024px\" \/><\/figure>\n\n\n\n<p>Es el m\u00e1s antiguo de todos los del camino moz\u00e1rabe sanabr\u00e9s. Este albergue como est\u00e1 actualmente se inaugur\u00f3 en 2006, y se asienta sobre el antiguo hospital de peregrinos de Rionegro del Puente, perteneciente a la Cofrad\u00eda de los Falifos, posiblemente del siglo XV.<\/p>\n\n\n\n<p>Este albergue est\u00e1 abierto todo el a\u00f1o. Tiene 36 plazas en camas y literas entre la planta baja y la planta primera. Estos son los tel\u00e9fonos de las hospitaleras:<\/p>\n\n\n\n<p>&nbsp; 686 041 405&nbsp; y 637 124 061<\/p>\n\n\n\n<p>Correo electr\u00f3nico: &nbsp;<a href=\"mailto:mozarabesanabres@gmail.com\" target=\"_blank\" rel=\"noreferrer noopener\">mozarabesanabres@gmail.com<\/a><\/p>\n\n\n\n<p>Video del albergue:<\/p>\n\n\n\n<figure class=\"wp-block-embed is-type-video is-provider-youtube wp-block-embed-youtube wp-embed-aspect-16-9 wp-has-aspect-ratio\"><div class=\"wp-block-embed__wrapper\">\n<iframe loading=\"lazy\" title=\"ALBERGUE VIRGEN DE CARBALLEDA\" width=\"1290\" height=\"726\" src=\"https:\/\/www.youtube.com\/embed\/Wk0SeQfWslY?feature=oembed\" frameborder=\"0\" allow=\"accelerometer; autoplay; clipboard-write; encrypted-media; gyroscope; picture-in-picture; web-share\" referrerpolicy=\"strict-origin-when-cross-origin\" allowfullscreen><\/iframe>\n<\/div><\/figure>\n\n\n\n<p><br>Mostrar texto citado<\/p>\n\n\n\n<p>El albergue dispone de s\u00e1banas de un solo uso, mantas,&nbsp; lavadora, secadora, acceso y servicio para minusv\u00e1lidos, importante biblioteca jacobea,&nbsp; exposiciones de pintura permanente, botiqu\u00edn, cocina totalmente equipada, m\u00e1quina de vending con muchos productos y bebidas, taquillas gratuitas con llave, etc.<\/p>\n\n\n\n<p>Junto al albergue est\u00e1n: el Bar la Vereda (cierra los lunes) y el Restaurante Me gusta comer (Cierra los mi\u00e9rcoles).&nbsp;<\/p>\n\n\n\n<p><strong>OTROS ALBERGUES DEL CAMINO MOZARABE SANABRES.<\/strong><\/p>\n\n\n\n<p>GRANJA DE MORERUELA.-<\/p>\n\n\n\n<p>Albergue municipal 980 587 183. Ayuntamiento: 980 587 005<\/p>\n\n\n\n<p>TABARA.- . 637 926 068 (Hospitalero). 980 59 00 15 (Ayuntamiento)<\/p>\n\n\n\n<p>SANTA MARTA DE TERA.- ALBERGUE: 980 64 90 50<\/p>\n\n\n\n<p>OLLEROS DE TERA.-<\/p>\n\n\n\n<p>CALZADILLA DE TERA.-<\/p>\n\n\n\n<p>VILLAR DE FARFON.- ALBERGUE DE PEREGRINOS REHOBOTH. VILLAR DE FARFON. 647 297 390<\/p>\n\n\n\n<p>RIONEGRO DEL PUENTE.-&nbsp; ALBERGUE DE PEREGRINOS \u201cVIRGEN DE LA CARBALLEDA\u201d (De la Cofrad\u00eda de los Falifos)<\/p>\n\n\n\n<p>Tlfnos.&nbsp; 686 041 405 \u2013 637 124 061.-<\/p>\n\n\n\n<p>mozarabesanabres@gmail.com<\/p>\n\n\n\n<p>MOMBUEY.- ALBERGUE &nbsp;MUNICIPAL. 980 64 27 11<\/p>\n\n\n\n<p>ASTURIANOS.-&nbsp; ALBERGUE MUNICIPAL. 679 819 360<\/p>\n\n\n\n<p>PALACIOS DE SANABRIA.-<\/p>\n\n\n\n<p>PUEBLA DE SANABRIA.-<\/p>\n\n\n\n<p>REQUEJO DE SANABRIA.-<\/p>\n\n\n\n<p>ALBERGUE CASA CERVI\u00d1O. REQUEJO DE SANABRIA. 980 62 05 05 Y 686 024 21<\/p>\n\n\n\n<p>ALBERGUE MUNICIPAL DE REQUEJO. 980 62 24 31. 685 179 296<\/p>\n\n\n\n<p>LUBIAN.-&nbsp; ALBERGUE MUNICIPAL . (12 plazas)<\/p>\n\n\n\n<p><strong>OFERTA HOTELERA Y OTROS ALOJAMIENTOS DEL CAMINO MOZARABE SANABRES O SUS CERCANIAS:<\/strong><\/p>\n\n\n\n<p>TABARA.- Centro de salud, restaurantes, bares, supermercados, farmacia<\/p>\n\n\n\n<ul class=\"wp-block-list\">\n<li>&nbsp;Turismo Rural&nbsp; El Roble. Calle Prado, 3.&nbsp; 650 629 969<\/li>\n<\/ul>\n\n\n\n<p>CAMARZANA DE TERA.- Hotel Juan Manuel<\/p>\n\n\n\n<p>MOMBUEY.- Centro de salud, farmacia, restaurantes, bares, supermercados\u2026<\/p>\n\n\n\n<p>ENTREPE\u00d1AS.- Casa Rural Azul Sanabria, 4 plazas. 676 653 466 y 650 144 604<\/p>\n\n\n\n<p>ASTURIANOS.-&nbsp; Hay farmacia, restaurante y tienda.<\/p>\n\n\n\n<p>PALACIOS DE SANABRIA.-<\/p>\n\n\n\n<p>PUEBLA DE SANABRIA.-&nbsp; Gran oferta hotelera, supermercados, centro de salud, farmacias, comercios, restaurantes, etc.<\/p>\n\n\n\n<ul class=\"wp-block-list\">\n<li>Parador de Puebla de Sanabria. Tlfno.&nbsp; <a href=\"tel:980620001\">980 62 00 01<\/a><\/li>\n\n\n\n<li>Posada Real La Carter\u00eda. Tlfnos.&nbsp;&nbsp;&nbsp;&nbsp; 980 620 312 y 980 620 009<\/li>\n\n\n\n<li>Posada Real La Pascasia. Tlfno. <a href=\"tel:980620242\">980 62 02 42<\/a><\/li>\n\n\n\n<li>Posada Real de Las Misas. Tlfnos: 980 620 358&nbsp; y&nbsp; 639 665 066&nbsp;&nbsp;&nbsp;&nbsp;<\/li>\n\n\n\n<li>Hotel Los Perales. Tlfno. 980 620 025<\/li>\n\n\n\n<li>Hostal La Trucha. Tlfno. 655 145 398<a href=\"tel:+34655145398\"><\/a><\/li>\n\n\n\n<li>Hostal San Francisco. <a href=\"tel:980620896\">980 62 08 96<\/a><\/li>\n\n\n\n<li>Hotel Gran Casona de Sanabria. Tlfno. 980 620 000<\/li>\n\n\n\n<li>Hotel Victoria. Tlfno. 606 502 116<\/li>\n\n\n\n<li>Hostal Carlos V. Tlfnos: 980 620 161 y 613 098 954&nbsp;&nbsp;<\/li>\n\n\n\n<li>Hotel Rural La Hoja de Roble. Tlfno.&nbsp; 980 620 190&nbsp;&nbsp;<\/li>\n\n\n\n<li>Hotel Tierra de Lobos. Tlfnos:&nbsp; 980 620 192 y&nbsp;&nbsp; 660 209 171&nbsp;&nbsp;&nbsp;&nbsp;&nbsp;&nbsp;&nbsp;&nbsp;&nbsp;&nbsp;&nbsp;&nbsp;&nbsp;&nbsp;&nbsp;&nbsp;&nbsp;&nbsp;&nbsp;&nbsp;&nbsp;&nbsp;&nbsp;&nbsp;&nbsp;&nbsp;&nbsp;&nbsp;&nbsp;&nbsp;&nbsp;&nbsp;&nbsp;&nbsp;&nbsp;&nbsp;&nbsp;&nbsp;&nbsp;&nbsp;&nbsp;<\/li>\n<\/ul>\n\n\n\n<p>PADORNELO.- Hotel Restaurante PADORNELO. 980 56 79 39 y 652 077 319<\/p>\n\n\n\n<p>LUBIAN. &#8211;&nbsp;&nbsp;<\/p>\n\n\n\n<ul class=\"wp-block-list\">\n<li>Hotel Casa Irene y Hotel Val de Pigarros. Tlfno. <a>6<\/a>19 938 244<\/li>\n\n\n\n<li>Casa Rural C\u00e9sar y Casa Rural Mariana. Tlfno.&nbsp;&nbsp; 609 551 877<\/li>\n<\/ul>\n\n\n\n<p>En LUBIAN est\u00e1 el \u00faltimo albergue del camino en la provincia de Zamora. Hay adem\u00e1s Centro de salud, supermercado y dos bares-restaurantes<\/p>\n","protected":false},"excerpt":{"rendered":"<p>El camino moz\u00e1rabe sanabr\u00e9s tiene albergues de acogida tradicional, albergues municipales y tambi\u00e9n hay una amplia oferta de hoteles, hostales y casas rurales: ALBERGUE DE PEREGRINOS VIRGEN DE LA CARBALLEDA. Rionegro del Puente. Zamora. Es el m\u00e1s antiguo de todos los del camino moz\u00e1rabe sanabr\u00e9s. Este albergue como est\u00e1 actualmente se inaugur\u00f3 en 2006, y [&hellip;]<\/p>\n","protected":false},"author":1,"featured_media":0,"parent":0,"menu_order":0,"comment_status":"closed","ping_status":"closed","template":"","meta":{"footnotes":""},"class_list":["post-3310","page","type-page","status-publish","hentry"],"blocksy_meta":[],"_links":{"self":[{"href":"http:\/\/carballeda.com\/mozarabesanabres\/wp-json\/wp\/v2\/pages\/3310","targetHints":{"allow":["GET"]}}],"collection":[{"href":"http:\/\/carballeda.com\/mozarabesanabres\/wp-json\/wp\/v2\/pages"}],"about":[{"href":"http:\/\/carballeda.com\/mozarabesanabres\/wp-json\/wp\/v2\/types\/page"}],"author":[{"embeddable":true,"href":"http:\/\/carballeda.com\/mozarabesanabres\/wp-json\/wp\/v2\/users\/1"}],"replies":[{"embeddable":true,"href":"http:\/\/carballeda.com\/mozarabesanabres\/wp-json\/wp\/v2\/comments?post=3310"}],"version-history":[{"count":3,"href":"http:\/\/carballeda.com\/mozarabesanabres\/wp-json\/wp\/v2\/pages\/3310\/revisions"}],"predecessor-version":[{"id":3423,"href":"http:\/\/carballeda.com\/mozarabesanabres\/wp-json\/wp\/v2\/pages\/3310\/revisions\/3423"}],"wp:attachment":[{"href":"http:\/\/carballeda.com\/mozarabesanabres\/wp-json\/wp\/v2\/media?parent=3310"}],"curies":[{"name":"wp","href":"https:\/\/api.w.org\/{rel}","templated":true}]}}