{"id":3306,"date":"2025-07-15T16:56:57","date_gmt":"2025-07-15T14:56:57","guid":{"rendered":"http:\/\/carballeda.com\/mozarabesanabres\/?page_id=3306"},"modified":"2025-07-15T16:56:57","modified_gmt":"2025-07-15T14:56:57","slug":"el-camino-mozarabe-sanabres","status":"publish","type":"page","link":"http:\/\/carballeda.com\/mozarabesanabres\/el-camino-mozarabe-sanabres\/","title":{"rendered":"EL CAMINO MOZARABE SANABRES"},"content":{"rendered":"\n<p><strong>EL CAMINO DE SANTIAGO MOZARABE SANABRES<\/strong><\/p>\n\n\n\n<ul class=\"wp-block-list\">\n<li>El Camino Moz\u00e1rabe Sanabr\u00e9s nace en Granja de Moreruela, sede de uno de los monasterios que tuvo m\u00e1s esplendor a lo largo de varios siglos. El camino discurre por Faramontanos de T\u00e1bara, T\u00e1bara, Bercianos de Vidriales, Santa Croya de Tera, Santa Marta de Tera, Camarzana de Tera, Calzadilla de Tera, Olleros de Tera, Villar de Farf\u00f3n, RRIONEGRO DEL PUENTE, Mombuey, Valdemerilla, Cernadilla, San Salvador de Palazuelo, Entrepe\u00f1as, Asturianos, Palacios de Sanabria, Remesal, Otero de Sanabria, Triuf\u00e9, Puebla de Sanabria, Terroso, Requejo, Padornelo, Aciberos y Lubi\u00e1n.<\/li>\n<\/ul>\n\n\n\n<figure class=\"wp-block-image size-full\"><img loading=\"lazy\" decoding=\"async\" width=\"583\" height=\"437\" src=\"http:\/\/carballeda.com\/mozarabesanabres\/wp-content\/uploads\/2025\/07\/image-4.jpeg\" alt=\"\" class=\"wp-image-3307\" srcset=\"http:\/\/carballeda.com\/mozarabesanabres\/wp-content\/uploads\/2025\/07\/image-4.jpeg 583w, http:\/\/carballeda.com\/mozarabesanabres\/wp-content\/uploads\/2025\/07\/image-4-300x225.jpeg 300w\" sizes=\"auto, (max-width: 583px) 100vw, 583px\" \/><\/figure>\n\n\n\n<p>PUEBLA DE SANABRIA, Plaza Mayor<\/p>\n\n\n\n<ul class=\"wp-block-list\">\n<li>El valor hist\u00f3rico de este camino est\u00e1 a\u00fan por difundir y reconocer Es dif\u00edcil encontrar en tan pocos km. un legado cultural, religioso, hist\u00f3rico, etnogr\u00e1fico\u2026 Una variedad de paisajes, de climas, de flora o fauna\u2026. Una arquitectura popular que va cambiando a medida que avanzamos nuestro recorrido. Se cuentan por decenas los santuarios, iglesias o ermitas con indudables valores arquitect\u00f3nicos o con la declaraci\u00f3n de monumentos nacionales.<\/li>\n<\/ul>\n\n\n\n<ul class=\"wp-block-list\">\n<li>Vemos a lo largo de este camino la historia de los hombres primitivos, de los celtas y sus castros, los romanos y sus recuerdos, la importante presencia de los \u00e1rabes, visigodos y otros pueblos que han vertebrado Espa\u00f1a. El Camino Moz\u00e1rabe Sanabr\u00e9s encierra nuestra propia historia a trav\u00e9s de los siglos, que el peregrino, va descubriendo a cada paso.<\/li>\n<\/ul>\n\n\n\n<figure class=\"wp-block-image size-full\"><img loading=\"lazy\" decoding=\"async\" width=\"364\" height=\"486\" src=\"http:\/\/carballeda.com\/mozarabesanabres\/wp-content\/uploads\/2025\/07\/image-5.jpeg\" alt=\"\" class=\"wp-image-3308\" srcset=\"http:\/\/carballeda.com\/mozarabesanabres\/wp-content\/uploads\/2025\/07\/image-5.jpeg 364w, http:\/\/carballeda.com\/mozarabesanabres\/wp-content\/uploads\/2025\/07\/image-5-225x300.jpeg 225w\" sizes=\"auto, (max-width: 364px) 100vw, 364px\" \/><\/figure>\n\n\n\n<p>TABARA. (Iglesia de Santa Mar\u00eda<\/p>\n","protected":false},"excerpt":{"rendered":"<p>EL CAMINO DE SANTIAGO MOZARABE SANABRES PUEBLA DE SANABRIA, Plaza Mayor TABARA. (Iglesia de Santa Mar\u00eda<\/p>\n","protected":false},"author":1,"featured_media":0,"parent":0,"menu_order":0,"comment_status":"closed","ping_status":"closed","template":"","meta":{"footnotes":""},"class_list":["post-3306","page","type-page","status-publish","hentry"],"blocksy_meta":[],"_links":{"self":[{"href":"http:\/\/carballeda.com\/mozarabesanabres\/wp-json\/wp\/v2\/pages\/3306","targetHints":{"allow":["GET"]}}],"collection":[{"href":"http:\/\/carballeda.com\/mozarabesanabres\/wp-json\/wp\/v2\/pages"}],"about":[{"href":"http:\/\/carballeda.com\/mozarabesanabres\/wp-json\/wp\/v2\/types\/page"}],"author":[{"embeddable":true,"href":"http:\/\/carballeda.com\/mozarabesanabres\/wp-json\/wp\/v2\/users\/1"}],"replies":[{"embeddable":true,"href":"http:\/\/carballeda.com\/mozarabesanabres\/wp-json\/wp\/v2\/comments?post=3306"}],"version-history":[{"count":1,"href":"http:\/\/carballeda.com\/mozarabesanabres\/wp-json\/wp\/v2\/pages\/3306\/revisions"}],"predecessor-version":[{"id":3309,"href":"http:\/\/carballeda.com\/mozarabesanabres\/wp-json\/wp\/v2\/pages\/3306\/revisions\/3309"}],"wp:attachment":[{"href":"http:\/\/carballeda.com\/mozarabesanabres\/wp-json\/wp\/v2\/media?parent=3306"}],"curies":[{"name":"wp","href":"https:\/\/api.w.org\/{rel}","templated":true}]}}