{"id":3295,"date":"2025-07-15T16:46:33","date_gmt":"2025-07-15T14:46:33","guid":{"rendered":"http:\/\/carballeda.com\/mozarabesanabres\/?page_id=3295"},"modified":"2025-07-15T16:46:33","modified_gmt":"2025-07-15T14:46:33","slug":"la-asociacion","status":"publish","type":"page","link":"http:\/\/carballeda.com\/mozarabesanabres\/","title":{"rendered":"LA ASOCIACION"},"content":{"rendered":"\n<p>La Asociaci\u00f3n de Amigos del Camino de Santiago Moz\u00e1rabe Sanabr\u00e9s fue creada en el a\u00f1o 2009, promovida por la Cofrad\u00eda de los Falifos y con la finalidad de fomentar todos los Caminos de Santiago y en especial el camino moz\u00e1rabe sanabr\u00e9s. Entre sus fines est\u00e1n tambi\u00e9n: fomentar los caminos e itinerarios culturales, protecci\u00f3n del medio ambiente, potenciar el patrimonio hist\u00f3rico cultural de los Caminos de Santiago, atender e informar a los peregrinos, promover el voluntariado social y cualquier otro fin relacionado con los anteriores que pueda ser aprobado por la asamblea.<\/p>\n\n\n\n<figure class=\"wp-block-image size-large\"><img loading=\"lazy\" decoding=\"async\" width=\"768\" height=\"1024\" src=\"http:\/\/carballeda.com\/mozarabesanabres\/wp-content\/uploads\/2025\/07\/DSC03621-768x1024.jpg\" alt=\"\" class=\"wp-image-3297\" srcset=\"http:\/\/carballeda.com\/mozarabesanabres\/wp-content\/uploads\/2025\/07\/DSC03621-768x1024.jpg 768w, http:\/\/carballeda.com\/mozarabesanabres\/wp-content\/uploads\/2025\/07\/DSC03621-225x300.jpg 225w, http:\/\/carballeda.com\/mozarabesanabres\/wp-content\/uploads\/2025\/07\/DSC03621-1152x1536.jpg 1152w, http:\/\/carballeda.com\/mozarabesanabres\/wp-content\/uploads\/2025\/07\/DSC03621.jpg 1536w\" sizes=\"auto, (max-width: 768px) 100vw, 768px\" \/><\/figure>\n\n\n\n<p>Rionegro del Puente. Escultura de homenaje al Peregrino (hierro, madera y piedra)<\/p>\n\n\n\n<p>Autor: Jos\u00e9 Antonio Montecino.<\/p>\n\n\n\n<p><strong>\u00bfQUIERES SER SOCIO DE NUESTRA ASOCIACION?<\/strong><\/p>\n\n\n\n<p>Todos los cofrades de la Cofrad\u00eda de los Falifos ya pertecen de hecho a nuestra asociaci\u00f3n. Los que no sean cofrades, pueden darse de alta enviando a nuestro correo los datos personales (nombre, DNI, domicilio, tel\u00e9fono y correo electr\u00f3nico). Hay que hacer un ingreso en nuestra cuenta de la cuota anual que es de 10 euros en Caja Rural de Zamora: <strong>ES20 3085 0044 5521 6640 7912<\/strong><\/p>\n\n\n\n<p><strong>\u00bfQUE ACTIVIDADES HA REALIZADO NUESTRA ASOCIACION?<\/strong><\/p>\n\n\n\n<p>La Asociaci\u00f3n de Amigos del Camino de Santiago Moz\u00e1rabe Sanabr\u00e9s he realizado distintas actividades en los \u00faltimos a\u00f1os. Destacamos algunas:&nbsp;<\/p>\n\n\n\n<p>&#8211; Edici\u00f3n de un folleto sobre el Camino Moz\u00e1rabe Sanabr\u00e9s.<\/p>\n\n\n\n<p>&#8211; Edici\u00f3n de un folleto sobre el Santuario de la Carballeda.<\/p>\n\n\n\n<p>&#8211; Organizaci\u00f3n de visitas guiadas todos los a\u00f1os durante el verano al Santuario de la Carballeda.<\/p>\n\n\n\n<p>&#8211; Gesti\u00f3n del Albergue de Peregrinos \u201cVirgen de la Carballeda\u201d, en colaboraci\u00f3n con la Cofrad\u00eda de los Falifos.<\/p>\n\n\n\n<p>&#8211; Conciertos de m\u00fasica cl\u00e1sica y recital de Corales.<\/p>\n\n\n\n<p>&#8211; Concursos de relatos cortos sobre el Camino.<\/p>\n\n\n\n<p>&#8211; Exposici\u00f3n de fotograf\u00edas sobre el Camino de Santiago.<\/p>\n\n\n\n<p>&#8211; Concurso de ideas y construcci\u00f3n con la idea ganadora del monumento de homenaje al peregrino, junto al albergue de Rionegro del Puente: una silueta de hierro representando a un peregrino, con mochila en madera y base. El concurso de ideas fue ganado por Jos\u00e9 Antonio Montecino, autor de la escultura,<\/p>\n\n\n","protected":false},"excerpt":{"rendered":"<p>La Asociaci\u00f3n de Amigos del Camino de Santiago Moz\u00e1rabe Sanabr\u00e9s fue creada en el a\u00f1o 2009, promovida por la Cofrad\u00eda de los Falifos y con la finalidad de fomentar todos los Caminos de Santiago y en especial el camino moz\u00e1rabe sanabr\u00e9s. Entre sus fines est\u00e1n tambi\u00e9n: fomentar los caminos e itinerarios culturales, protecci\u00f3n del medio [&hellip;]<\/p>\n","protected":false},"author":1,"featured_media":0,"parent":0,"menu_order":0,"comment_status":"closed","ping_status":"closed","template":"","meta":{"footnotes":""},"class_list":["post-3295","page","type-page","status-publish","hentry"],"blocksy_meta":[],"_links":{"self":[{"href":"http:\/\/carballeda.com\/mozarabesanabres\/wp-json\/wp\/v2\/pages\/3295","targetHints":{"allow":["GET"]}}],"collection":[{"href":"http:\/\/carballeda.com\/mozarabesanabres\/wp-json\/wp\/v2\/pages"}],"about":[{"href":"http:\/\/carballeda.com\/mozarabesanabres\/wp-json\/wp\/v2\/types\/page"}],"author":[{"embeddable":true,"href":"http:\/\/carballeda.com\/mozarabesanabres\/wp-json\/wp\/v2\/users\/1"}],"replies":[{"embeddable":true,"href":"http:\/\/carballeda.com\/mozarabesanabres\/wp-json\/wp\/v2\/comments?post=3295"}],"version-history":[{"count":1,"href":"http:\/\/carballeda.com\/mozarabesanabres\/wp-json\/wp\/v2\/pages\/3295\/revisions"}],"predecessor-version":[{"id":3298,"href":"http:\/\/carballeda.com\/mozarabesanabres\/wp-json\/wp\/v2\/pages\/3295\/revisions\/3298"}],"wp:attachment":[{"href":"http:\/\/carballeda.com\/mozarabesanabres\/wp-json\/wp\/v2\/media?parent=3295"}],"curies":[{"name":"wp","href":"https:\/\/api.w.org\/{rel}","templated":true}]}}